{"id":2995,"date":"2025-09-25T11:58:04","date_gmt":"2025-09-25T11:58:04","guid":{"rendered":"https:\/\/kozprod.youvia.previewnow.site\/instalacion-estandar-utilizando-los-4-orificios-de-instalacion-pequenos\/"},"modified":"2025-12-03T12:49:44","modified_gmt":"2025-12-03T12:49:44","slug":"instalacion-estandar-utilizando-los-4-orificios-de-instalacion-pequenos","status":"publish","type":"page","link":"https:\/\/kozproducts.com\/es\/material-de-fijacion\/videos-de-instalacion\/instalacion-estandar-utilizando-los-4-orificios-de-instalacion-pequenos\/","title":{"rendered":"Instalaci\u00f3n est\u00e1ndar utilizando los 4 orificios de instalaci\u00f3n peque\u00f1os"},"content":{"rendered":"","protected":false},"excerpt":{"rendered":"","protected":false},"author":1,"featured_media":0,"parent":3013,"menu_order":0,"comment_status":"closed","ping_status":"closed","template":"template-flexible.php","meta":{"_acf_changed":false,"inline_featured_image":false,"footnotes":""},"class_list":["post-2995","page","type-page","status-publish","hentry"],"acf":[],"_links":{"self":[{"href":"https:\/\/kozproducts.com\/es\/wp-json\/wp\/v2\/pages\/2995","targetHints":{"allow":["GET"]}}],"collection":[{"href":"https:\/\/kozproducts.com\/es\/wp-json\/wp\/v2\/pages"}],"about":[{"href":"https:\/\/kozproducts.com\/es\/wp-json\/wp\/v2\/types\/page"}],"author":[{"embeddable":true,"href":"https:\/\/kozproducts.com\/es\/wp-json\/wp\/v2\/users\/1"}],"replies":[{"embeddable":true,"href":"https:\/\/kozproducts.com\/es\/wp-json\/wp\/v2\/comments?post=2995"}],"version-history":[{"count":1,"href":"https:\/\/kozproducts.com\/es\/wp-json\/wp\/v2\/pages\/2995\/revisions"}],"predecessor-version":[{"id":2997,"href":"https:\/\/kozproducts.com\/es\/wp-json\/wp\/v2\/pages\/2995\/revisions\/2997"}],"up":[{"embeddable":true,"href":"https:\/\/kozproducts.com\/es\/wp-json\/wp\/v2\/pages\/3013"}],"wp:attachment":[{"href":"https:\/\/kozproducts.com\/es\/wp-json\/wp\/v2\/media?parent=2995"}],"curies":[{"name":"wp","href":"https:\/\/api.w.org\/{rel}","templated":true}]}}