{"id":3107,"date":"2025-09-25T11:58:04","date_gmt":"2025-09-25T11:58:04","guid":{"rendered":"https:\/\/kozprod.youvia.previewnow.site\/material-mocujacy\/filmy-instalacyjne\/standardowa-instalacja-przy-uzyciu-4-malych-otworow-montazowych\/"},"modified":"2025-12-03T12:50:03","modified_gmt":"2025-12-03T12:50:03","slug":"standardowa-instalacja-przy-uzyciu-4-malych-otworow-montazowych","status":"publish","type":"page","link":"https:\/\/kozproducts.com\/pl\/material-mocujacy\/filmy-instalacyjne\/standardowa-instalacja-przy-uzyciu-4-malych-otworow-montazowych\/","title":{"rendered":"Standardowa instalacja przy u\u017cyciu 4 ma\u0142ych otwor\u00f3w monta\u017cowych"},"content":{"rendered":"","protected":false},"excerpt":{"rendered":"","protected":false},"author":1,"featured_media":0,"parent":3101,"menu_order":0,"comment_status":"closed","ping_status":"closed","template":"template-flexible.php","meta":{"_acf_changed":false,"inline_featured_image":false,"footnotes":""},"class_list":["post-3107","page","type-page","status-publish","hentry"],"acf":[],"_links":{"self":[{"href":"https:\/\/kozproducts.com\/pl\/wp-json\/wp\/v2\/pages\/3107","targetHints":{"allow":["GET"]}}],"collection":[{"href":"https:\/\/kozproducts.com\/pl\/wp-json\/wp\/v2\/pages"}],"about":[{"href":"https:\/\/kozproducts.com\/pl\/wp-json\/wp\/v2\/types\/page"}],"author":[{"embeddable":true,"href":"https:\/\/kozproducts.com\/pl\/wp-json\/wp\/v2\/users\/1"}],"replies":[{"embeddable":true,"href":"https:\/\/kozproducts.com\/pl\/wp-json\/wp\/v2\/comments?post=3107"}],"version-history":[{"count":1,"href":"https:\/\/kozproducts.com\/pl\/wp-json\/wp\/v2\/pages\/3107\/revisions"}],"predecessor-version":[{"id":4307,"href":"https:\/\/kozproducts.com\/pl\/wp-json\/wp\/v2\/pages\/3107\/revisions\/4307"}],"up":[{"embeddable":true,"href":"https:\/\/kozproducts.com\/pl\/wp-json\/wp\/v2\/pages\/3101"}],"wp:attachment":[{"href":"https:\/\/kozproducts.com\/pl\/wp-json\/wp\/v2\/media?parent=3107"}],"curies":[{"name":"wp","href":"https:\/\/api.w.org\/{rel}","templated":true}]}}