{"id":3035,"date":"2025-09-25T12:40:52","date_gmt":"2025-09-25T12:40:52","guid":{"rendered":"https:\/\/kozprod.youvia.previewnow.site\/media-brozura\/"},"modified":"2025-12-22T11:22:51","modified_gmt":"2025-12-22T11:22:51","slug":"media-brozura","status":"publish","type":"page","link":"https:\/\/kozproducts.com\/sk\/media-brozura\/","title":{"rendered":"M\u00e9di\u00e1 &#8211; bro\u017e\u00fara"},"content":{"rendered":"","protected":false},"excerpt":{"rendered":"","protected":false},"author":1,"featured_media":0,"parent":0,"menu_order":0,"comment_status":"closed","ping_status":"closed","template":"template-flexible.php","meta":{"_acf_changed":false,"inline_featured_image":false,"footnotes":""},"class_list":["post-3035","page","type-page","status-publish","hentry"],"acf":[],"_links":{"self":[{"href":"https:\/\/kozproducts.com\/sk\/wp-json\/wp\/v2\/pages\/3035","targetHints":{"allow":["GET"]}}],"collection":[{"href":"https:\/\/kozproducts.com\/sk\/wp-json\/wp\/v2\/pages"}],"about":[{"href":"https:\/\/kozproducts.com\/sk\/wp-json\/wp\/v2\/types\/page"}],"author":[{"embeddable":true,"href":"https:\/\/kozproducts.com\/sk\/wp-json\/wp\/v2\/users\/1"}],"replies":[{"embeddable":true,"href":"https:\/\/kozproducts.com\/sk\/wp-json\/wp\/v2\/comments?post=3035"}],"version-history":[{"count":3,"href":"https:\/\/kozproducts.com\/sk\/wp-json\/wp\/v2\/pages\/3035\/revisions"}],"predecessor-version":[{"id":17904,"href":"https:\/\/kozproducts.com\/sk\/wp-json\/wp\/v2\/pages\/3035\/revisions\/17904"}],"wp:attachment":[{"href":"https:\/\/kozproducts.com\/sk\/wp-json\/wp\/v2\/media?parent=3035"}],"curies":[{"name":"wp","href":"https:\/\/api.w.org\/{rel}","templated":true}]}}