{"id":3062,"date":"2025-09-25T10:58:32","date_gmt":"2025-09-25T10:58:32","guid":{"rendered":"https:\/\/kozprod.youvia.previewnow.site\/upevnovaci-material\/instalacne-videa\/standardny-navod-na-instalaciu\/"},"modified":"2025-12-03T12:44:47","modified_gmt":"2025-12-03T12:44:47","slug":"standardny-navod-na-instalaciu","status":"publish","type":"page","link":"https:\/\/kozproducts.com\/sk\/upevnovaci-material\/instalacne-videa\/standardny-navod-na-instalaciu\/","title":{"rendered":"\u0160tandardn\u00fd n\u00e1vod na in\u0161tal\u00e1ciu"},"content":{"rendered":"","protected":false},"excerpt":{"rendered":"","protected":false},"author":1,"featured_media":0,"parent":3038,"menu_order":0,"comment_status":"closed","ping_status":"closed","template":"template-flexible.php","meta":{"_acf_changed":false,"inline_featured_image":false,"footnotes":""},"class_list":["post-3062","page","type-page","status-publish","hentry"],"acf":[],"_links":{"self":[{"href":"https:\/\/kozproducts.com\/sk\/wp-json\/wp\/v2\/pages\/3062","targetHints":{"allow":["GET"]}}],"collection":[{"href":"https:\/\/kozproducts.com\/sk\/wp-json\/wp\/v2\/pages"}],"about":[{"href":"https:\/\/kozproducts.com\/sk\/wp-json\/wp\/v2\/types\/page"}],"author":[{"embeddable":true,"href":"https:\/\/kozproducts.com\/sk\/wp-json\/wp\/v2\/users\/1"}],"replies":[{"embeddable":true,"href":"https:\/\/kozproducts.com\/sk\/wp-json\/wp\/v2\/comments?post=3062"}],"version-history":[{"count":1,"href":"https:\/\/kozproducts.com\/sk\/wp-json\/wp\/v2\/pages\/3062\/revisions"}],"predecessor-version":[{"id":4460,"href":"https:\/\/kozproducts.com\/sk\/wp-json\/wp\/v2\/pages\/3062\/revisions\/4460"}],"up":[{"embeddable":true,"href":"https:\/\/kozproducts.com\/sk\/wp-json\/wp\/v2\/pages\/3038"}],"wp:attachment":[{"href":"https:\/\/kozproducts.com\/sk\/wp-json\/wp\/v2\/media?parent=3062"}],"curies":[{"name":"wp","href":"https:\/\/api.w.org\/{rel}","templated":true}]}}