{"id":3064,"date":"2025-09-25T11:57:56","date_gmt":"2025-09-25T11:57:56","guid":{"rendered":"https:\/\/kozprod.youvia.previewnow.site\/upevnovaci-material\/instalacne-videa\/standardna-instalacia-pre-seriu-uni\/"},"modified":"2025-12-03T12:49:57","modified_gmt":"2025-12-03T12:49:57","slug":"standardna-instalacia-pre-seriu-uni","status":"publish","type":"page","link":"https:\/\/kozproducts.com\/sk\/upevnovaci-material\/instalacne-videa\/standardna-instalacia-pre-seriu-uni\/","title":{"rendered":"\u0160tandardn\u00e1 in\u0161tal\u00e1cia pre s\u00e9riu UNI"},"content":{"rendered":"","protected":false},"excerpt":{"rendered":"","protected":false},"author":1,"featured_media":0,"parent":3038,"menu_order":0,"comment_status":"closed","ping_status":"closed","template":"template-flexible.php","meta":{"_acf_changed":false,"inline_featured_image":false,"footnotes":""},"class_list":["post-3064","page","type-page","status-publish","hentry"],"acf":[],"_links":{"self":[{"href":"https:\/\/kozproducts.com\/sk\/wp-json\/wp\/v2\/pages\/3064","targetHints":{"allow":["GET"]}}],"collection":[{"href":"https:\/\/kozproducts.com\/sk\/wp-json\/wp\/v2\/pages"}],"about":[{"href":"https:\/\/kozproducts.com\/sk\/wp-json\/wp\/v2\/types\/page"}],"author":[{"embeddable":true,"href":"https:\/\/kozproducts.com\/sk\/wp-json\/wp\/v2\/users\/1"}],"replies":[{"embeddable":true,"href":"https:\/\/kozproducts.com\/sk\/wp-json\/wp\/v2\/comments?post=3064"}],"version-history":[{"count":2,"href":"https:\/\/kozproducts.com\/sk\/wp-json\/wp\/v2\/pages\/3064\/revisions"}],"predecessor-version":[{"id":4459,"href":"https:\/\/kozproducts.com\/sk\/wp-json\/wp\/v2\/pages\/3064\/revisions\/4459"}],"up":[{"embeddable":true,"href":"https:\/\/kozproducts.com\/sk\/wp-json\/wp\/v2\/pages\/3038"}],"wp:attachment":[{"href":"https:\/\/kozproducts.com\/sk\/wp-json\/wp\/v2\/media?parent=3064"}],"curies":[{"name":"wp","href":"https:\/\/api.w.org\/{rel}","templated":true}]}}