{"id":3065,"date":"2025-09-25T11:58:04","date_gmt":"2025-09-25T11:58:04","guid":{"rendered":"https:\/\/kozprod.youvia.previewnow.site\/upevnovaci-material\/instalacne-videa\/standardna-instalacia-pomocou-4-malych-montaznych-otvorov\/"},"modified":"2025-12-03T12:49:52","modified_gmt":"2025-12-03T12:49:52","slug":"standardna-instalacia-pomocou-4-malych-montaznych-otvorov","status":"publish","type":"page","link":"https:\/\/kozproducts.com\/sk\/upevnovaci-material\/instalacne-videa\/standardna-instalacia-pomocou-4-malych-montaznych-otvorov\/","title":{"rendered":"\u0160tandardn\u00e1 in\u0161tal\u00e1cia pomocou 4 mal\u00fdch mont\u00e1\u017enych otvorov"},"content":{"rendered":"","protected":false},"excerpt":{"rendered":"","protected":false},"author":1,"featured_media":0,"parent":3038,"menu_order":0,"comment_status":"closed","ping_status":"closed","template":"template-flexible.php","meta":{"_acf_changed":false,"inline_featured_image":false,"footnotes":""},"class_list":["post-3065","page","type-page","status-publish","hentry"],"acf":[],"_links":{"self":[{"href":"https:\/\/kozproducts.com\/sk\/wp-json\/wp\/v2\/pages\/3065","targetHints":{"allow":["GET"]}}],"collection":[{"href":"https:\/\/kozproducts.com\/sk\/wp-json\/wp\/v2\/pages"}],"about":[{"href":"https:\/\/kozproducts.com\/sk\/wp-json\/wp\/v2\/types\/page"}],"author":[{"embeddable":true,"href":"https:\/\/kozproducts.com\/sk\/wp-json\/wp\/v2\/users\/1"}],"replies":[{"embeddable":true,"href":"https:\/\/kozproducts.com\/sk\/wp-json\/wp\/v2\/comments?post=3065"}],"version-history":[{"count":1,"href":"https:\/\/kozproducts.com\/sk\/wp-json\/wp\/v2\/pages\/3065\/revisions"}],"predecessor-version":[{"id":4456,"href":"https:\/\/kozproducts.com\/sk\/wp-json\/wp\/v2\/pages\/3065\/revisions\/4456"}],"up":[{"embeddable":true,"href":"https:\/\/kozproducts.com\/sk\/wp-json\/wp\/v2\/pages\/3038"}],"wp:attachment":[{"href":"https:\/\/kozproducts.com\/sk\/wp-json\/wp\/v2\/media?parent=3065"}],"curies":[{"name":"wp","href":"https:\/\/api.w.org\/{rel}","templated":true}]}}