{"id":7131,"date":"2025-10-10T16:26:30","date_gmt":"2025-10-10T16:26:30","guid":{"rendered":"https:\/\/kozprod.youvia.previewnow.site\/?page_id=7131"},"modified":"2025-12-03T14:02:39","modified_gmt":"2025-12-03T14:02:39","slug":"ochrana-osobnych-udajov-a-subory-cookie","status":"publish","type":"page","link":"https:\/\/kozproducts.com\/sk\/ochrana-osobnych-udajov-a-subory-cookie\/","title":{"rendered":"Ochrana osobn\u00fdch \u00fadajov a s\u00fabory cookie"},"content":{"rendered":"","protected":false},"excerpt":{"rendered":"","protected":false},"author":1,"featured_media":0,"parent":0,"menu_order":0,"comment_status":"closed","ping_status":"closed","template":"template-flexible.php","meta":{"_acf_changed":false,"inline_featured_image":false,"footnotes":""},"class_list":["post-7131","page","type-page","status-publish","hentry"],"acf":[],"_links":{"self":[{"href":"https:\/\/kozproducts.com\/sk\/wp-json\/wp\/v2\/pages\/7131","targetHints":{"allow":["GET"]}}],"collection":[{"href":"https:\/\/kozproducts.com\/sk\/wp-json\/wp\/v2\/pages"}],"about":[{"href":"https:\/\/kozproducts.com\/sk\/wp-json\/wp\/v2\/types\/page"}],"author":[{"embeddable":true,"href":"https:\/\/kozproducts.com\/sk\/wp-json\/wp\/v2\/users\/1"}],"replies":[{"embeddable":true,"href":"https:\/\/kozproducts.com\/sk\/wp-json\/wp\/v2\/comments?post=7131"}],"version-history":[{"count":2,"href":"https:\/\/kozproducts.com\/sk\/wp-json\/wp\/v2\/pages\/7131\/revisions"}],"predecessor-version":[{"id":7143,"href":"https:\/\/kozproducts.com\/sk\/wp-json\/wp\/v2\/pages\/7131\/revisions\/7143"}],"wp:attachment":[{"href":"https:\/\/kozproducts.com\/sk\/wp-json\/wp\/v2\/media?parent=7131"}],"curies":[{"name":"wp","href":"https:\/\/api.w.org\/{rel}","templated":true}]}}